{"id":1318,"date":"2026-02-04T00:25:26","date_gmt":"2026-02-04T00:25:26","guid":{"rendered":"https:\/\/dev.paginaswebresponsivas.com\/rotarypdn\/about\/"},"modified":"2026-02-04T02:48:10","modified_gmt":"2026-02-04T02:48:10","slug":"nosotros","status":"publish","type":"page","link":"https:\/\/dev.paginaswebresponsivas.com\/rotarypdn\/nosotros\/","title":{"rendered":"Nosotros"},"content":{"rendered":"\t\t<div data-elementor-type=\"wp-page\" data-elementor-id=\"1318\" class=\"elementor elementor-1318\" data-elementor-post-type=\"page\">\n\t\t\t\t<div class=\"elementor-element elementor-element-b485c57 e-flex e-con-boxed e-con e-parent\" data-id=\"b485c57\" data-element_type=\"container\" data-e-type=\"container\" data-settings=\"{&quot;background_background&quot;:&quot;classic&quot;}\">\n\t\t\t\t\t<div class=\"e-con-inner\">\n\t\t\t\t<div class=\"elementor-element elementor-element-582eb7b elementor-widget elementor-widget-heading\" data-id=\"582eb7b\" data-element_type=\"widget\" data-e-type=\"widget\" data-widget_type=\"heading.default\">\n\t\t\t\t<div class=\"elementor-widget-container\">\n\t\t\t\t\t<h1 class=\"elementor-heading-title elementor-size-default\">Liderazgo y servicio con historia<\/h1>\t\t\t\t<\/div>\n\t\t\t\t<\/div>\n\t\t\t\t<div class=\"elementor-element elementor-element-e2ae7af elementor-widget elementor-widget-text-editor\" data-id=\"e2ae7af\" data-element_type=\"widget\" data-e-type=\"widget\" data-widget_type=\"text-editor.default\">\n\t\t\t\t<div class=\"elementor-widget-container\">\n\t\t\t\t\t\t\t\t\t<p data-start=\"424\" data-end=\"583\">M\u00e1s de un siglo de valores rotarios puestos al servicio de nuestra regi\u00f3n, a trav\u00e9s de l\u00edderes comprometidos con la \u00e9tica, la colaboraci\u00f3n y el impacto social.<\/p><p data-start=\"585\" data-end=\"660\">\u00a0<\/p>\t\t\t\t\t\t\t\t<\/div>\n\t\t\t\t<\/div>\n\t\t\t\t<div class=\"elementor-element elementor-element-b5d2e6c elementor-widget elementor-widget-text-editor\" data-id=\"b5d2e6c\" data-element_type=\"widget\" data-e-type=\"widget\" data-widget_type=\"text-editor.default\">\n\t\t\t\t<div class=\"elementor-widget-container\">\n\t\t\t\t\t\t\t\t\t<p>Distrito 4110 \u00b7 Rotary International<\/p>\t\t\t\t\t\t\t\t<\/div>\n\t\t\t\t<\/div>\n\t\t\t\t\t<\/div>\n\t\t\t\t<\/div>\n\t\t<div class=\"elementor-element elementor-element-22825f3 e-flex e-con-boxed e-con e-parent\" data-id=\"22825f3\" data-element_type=\"container\" data-e-type=\"container\" data-settings=\"{&quot;background_background&quot;:&quot;classic&quot;}\">\n\t\t\t\t\t<div class=\"e-con-inner\">\n\t\t<div class=\"elementor-element elementor-element-e6150a2 e-con-full e-flex e-con e-child\" data-id=\"e6150a2\" data-element_type=\"container\" data-e-type=\"container\">\n\t\t\t\t<div class=\"elementor-element elementor-element-9b85f4b elementor-widget elementor-widget-image\" data-id=\"9b85f4b\" data-element_type=\"widget\" data-e-type=\"widget\" data-widget_type=\"image.default\">\n\t\t\t\t<div class=\"elementor-widget-container\">\n\t\t\t\t\t\t\t\t\t\t\t\t\t\t\t<img fetchpriority=\"high\" decoding=\"async\" width=\"1024\" height=\"1536\" src=\"https:\/\/dev.paginaswebresponsivas.com\/rotarypdn\/wp-content\/uploads\/2026\/02\/nosotros-1.png\" class=\"attachment-full size-full wp-image-4539\" alt=\"\" srcset=\"https:\/\/dev.paginaswebresponsivas.com\/rotarypdn\/wp-content\/uploads\/2026\/02\/nosotros-1.png 1024w, https:\/\/dev.paginaswebresponsivas.com\/rotarypdn\/wp-content\/uploads\/2026\/02\/nosotros-1-200x300.png 200w, https:\/\/dev.paginaswebresponsivas.com\/rotarypdn\/wp-content\/uploads\/2026\/02\/nosotros-1-683x1024.png 683w, https:\/\/dev.paginaswebresponsivas.com\/rotarypdn\/wp-content\/uploads\/2026\/02\/nosotros-1-768x1152.png 768w\" sizes=\"(max-width: 1024px) 100vw, 1024px\" \/>\t\t\t\t\t\t\t\t\t\t\t\t\t\t\t<\/div>\n\t\t\t\t<\/div>\n\t\t\t\t<\/div>\n\t\t<div class=\"elementor-element elementor-element-96bd502 e-con-full e-flex e-con e-child\" data-id=\"96bd502\" data-element_type=\"container\" data-e-type=\"container\">\n\t\t\t\t<div class=\"elementor-element elementor-element-a3059cc elementor-widget-tablet__width-inherit elementor-widget elementor-widget-heading\" data-id=\"a3059cc\" data-element_type=\"widget\" data-e-type=\"widget\" data-widget_type=\"heading.default\">\n\t\t\t\t<div class=\"elementor-widget-container\">\n\t\t\t\t\t<h2 class=\"elementor-heading-title elementor-size-default\">Nuestro prop\u00f3sito<\/h2>\t\t\t\t<\/div>\n\t\t\t\t<\/div>\n\t\t\t\t<div class=\"elementor-element elementor-element-1707dfc elementor-widget elementor-widget-text-editor\" data-id=\"1707dfc\" data-element_type=\"widget\" data-e-type=\"widget\" data-widget_type=\"text-editor.default\">\n\t\t\t\t<div class=\"elementor-widget-container\">\n\t\t\t\t\t\t\t\t\t<p data-start=\"936\" data-end=\"1208\">En el Club Rotario Ju\u00e1rez Paso del Norte creemos que el verdadero liderazgo se ejerce a trav\u00e9s del servicio. Nuestro prop\u00f3sito es reunir a l\u00edderes comprometidos con la \u00e9tica, la colaboraci\u00f3n y el bien com\u00fan, para generar un impacto positivo y sostenible en nuestra regi\u00f3n.<\/p><p data-start=\"1210\" data-end=\"1426\">Actuamos con responsabilidad social, visi\u00f3n de largo plazo y apego a los valores rotarios, impulsando proyectos que fortalecen a las comunidades, promueven la dignidad humana y fomentan la cooperaci\u00f3n entre sectores.<\/p><p data-start=\"1428\" data-end=\"1550\">M\u00e1s all\u00e1 de la acci\u00f3n inmediata, trabajamos para construir relaciones duraderas y soluciones que trascienden generaciones.<\/p>\t\t\t\t\t\t\t\t<\/div>\n\t\t\t\t<\/div>\n\t\t\t\t<\/div>\n\t\t\t\t\t<\/div>\n\t\t\t\t<\/div>\n\t\t<div class=\"elementor-element elementor-element-4ec09b1 e-flex e-con-boxed e-con e-parent\" data-id=\"4ec09b1\" data-element_type=\"container\" data-e-type=\"container\" data-settings=\"{&quot;background_background&quot;:&quot;classic&quot;}\">\n\t\t\t\t\t<div class=\"e-con-inner\">\n\t\t\t\t<div class=\"elementor-element elementor-element-481e3a0 elementor-widget elementor-widget-heading\" data-id=\"481e3a0\" data-element_type=\"widget\" data-e-type=\"widget\" data-widget_type=\"heading.default\">\n\t\t\t\t<div class=\"elementor-widget-container\">\n\t\t\t\t\t<h2 class=\"elementor-heading-title elementor-size-default\">Servir no es una opci\u00f3n, es nuestra responsabilidad como l\u00edderes.<\/h2>\t\t\t\t<\/div>\n\t\t\t\t<\/div>\n\t\t\t\t\t<\/div>\n\t\t\t\t<\/div>\n\t\t<div class=\"elementor-element elementor-element-aac19e2 e-flex e-con-boxed e-con e-parent\" data-id=\"aac19e2\" data-element_type=\"container\" data-e-type=\"container\" data-settings=\"{&quot;background_background&quot;:&quot;classic&quot;}\">\n\t\t\t\t\t<div class=\"e-con-inner\">\n\t\t<div class=\"elementor-element elementor-element-1f7f824 e-con-full e-flex e-con e-child\" data-id=\"1f7f824\" data-element_type=\"container\" data-e-type=\"container\">\n\t\t\t\t<div class=\"elementor-element elementor-element-8a22b56 elementor-widget elementor-widget-heading\" data-id=\"8a22b56\" data-element_type=\"widget\" data-e-type=\"widget\" data-widget_type=\"heading.default\">\n\t\t\t\t<div class=\"elementor-widget-container\">\n\t\t\t\t\t<h2 class=\"elementor-heading-title elementor-size-default\">Nuestra forma de servir<\/h2>\t\t\t\t<\/div>\n\t\t\t\t<\/div>\n\t\t\t\t<div class=\"elementor-element elementor-element-70b1a4d elementor-widget elementor-widget-text-editor\" data-id=\"70b1a4d\" data-element_type=\"widget\" data-e-type=\"widget\" data-widget_type=\"text-editor.default\">\n\t\t\t\t<div class=\"elementor-widget-container\">\n\t\t\t\t\t\t\t\t\t<p data-start=\"477\" data-end=\"726\">En el Club Rotario Ju\u00e1rez Paso del Norte entendemos el servicio como un compromiso organizado, colaborativo y de largo plazo. Cada proyecto nace del an\u00e1lisis de necesidades reales y se desarrolla con planeaci\u00f3n, seguimiento y responsabilidad social.<\/p><p data-start=\"728\" data-end=\"965\">Trabajamos de manera coordinada con clubes rotarios del Distrito 4110, as\u00ed como con autoridades, organizaciones civiles y aliados estrat\u00e9gicos, convencidos de que los mejores resultados se logran cuando se suman voluntades y capacidades.<\/p><p data-start=\"967\" data-end=\"1175\">Nuestra labor se distingue por la transparencia, la participaci\u00f3n activa de nuestros socios y la rendici\u00f3n responsable de resultados, la participaci\u00f3n activa de nuestros socios y la convicci\u00f3n de que el impacto verdadero se mide en la transformaci\u00f3n positiva de las personas y las comunidades.<\/p>\t\t\t\t\t\t\t\t<\/div>\n\t\t\t\t<\/div>\n\t\t\t\t<\/div>\n\t\t<div class=\"elementor-element elementor-element-07afb6e e-con-full e-flex e-con e-child\" data-id=\"07afb6e\" data-element_type=\"container\" data-e-type=\"container\">\n\t\t\t\t<div class=\"elementor-element elementor-element-83930a5 elementor-widget elementor-widget-image\" data-id=\"83930a5\" data-element_type=\"widget\" data-e-type=\"widget\" data-widget_type=\"image.default\">\n\t\t\t\t<div class=\"elementor-widget-container\">\n\t\t\t\t\t\t\t\t\t\t\t\t\t\t\t<img decoding=\"async\" width=\"1024\" height=\"1536\" src=\"https:\/\/dev.paginaswebresponsivas.com\/rotarypdn\/wp-content\/uploads\/2026\/02\/nosotros-2.png\" class=\"attachment-full size-full wp-image-4540\" alt=\"\" srcset=\"https:\/\/dev.paginaswebresponsivas.com\/rotarypdn\/wp-content\/uploads\/2026\/02\/nosotros-2.png 1024w, https:\/\/dev.paginaswebresponsivas.com\/rotarypdn\/wp-content\/uploads\/2026\/02\/nosotros-2-200x300.png 200w, https:\/\/dev.paginaswebresponsivas.com\/rotarypdn\/wp-content\/uploads\/2026\/02\/nosotros-2-683x1024.png 683w, https:\/\/dev.paginaswebresponsivas.com\/rotarypdn\/wp-content\/uploads\/2026\/02\/nosotros-2-768x1152.png 768w\" sizes=\"(max-width: 1024px) 100vw, 1024px\" \/>\t\t\t\t\t\t\t\t\t\t\t\t\t\t\t<\/div>\n\t\t\t\t<\/div>\n\t\t\t\t<\/div>\n\t\t\t\t\t<\/div>\n\t\t\t\t<\/div>\n\t\t<div class=\"elementor-element elementor-element-b3d3aca e-flex e-con-boxed e-con e-parent\" data-id=\"b3d3aca\" data-element_type=\"container\" data-e-type=\"container\" data-settings=\"{&quot;background_background&quot;:&quot;classic&quot;}\">\n\t\t\t\t\t<div class=\"e-con-inner\">\n\t\t\t\t<div class=\"elementor-element elementor-element-9e5d64b elementor-widget elementor-widget-heading\" data-id=\"9e5d64b\" data-element_type=\"widget\" data-e-type=\"widget\" data-widget_type=\"heading.default\">\n\t\t\t\t<div class=\"elementor-widget-container\">\n\t\t\t\t\t<h2 class=\"elementor-heading-title elementor-size-default\">Cuando el liderazgo se organiza, el servicio se convierte en impacto.<\/h2>\t\t\t\t<\/div>\n\t\t\t\t<\/div>\n\t\t\t\t\t<\/div>\n\t\t\t\t<\/div>\n\t\t<div class=\"elementor-element elementor-element-6c74fc8 e-flex e-con-boxed e-con e-parent\" data-id=\"6c74fc8\" data-element_type=\"container\" data-e-type=\"container\" data-settings=\"{&quot;background_background&quot;:&quot;classic&quot;}\">\n\t\t\t\t\t<div class=\"e-con-inner\">\n\t\t\t\t<div class=\"elementor-element elementor-element-3efd076 elementor-widget elementor-widget-heading\" data-id=\"3efd076\" data-element_type=\"widget\" data-e-type=\"widget\" data-widget_type=\"heading.default\">\n\t\t\t\t<div class=\"elementor-widget-container\">\n\t\t\t\t\t<h4 class=\"elementor-heading-title elementor-size-default\">Aliado institucional<\/h4>\t\t\t\t<\/div>\n\t\t\t\t<\/div>\n\t\t\t\t<div class=\"elementor-element elementor-element-c5d7443 elementor-widget-divider--separator-type-pattern elementor-widget-divider--view-line elementor-widget elementor-widget-divider\" data-id=\"c5d7443\" data-element_type=\"widget\" data-e-type=\"widget\" data-widget_type=\"divider.default\">\n\t\t\t\t<div class=\"elementor-widget-container\">\n\t\t\t\t\t\t\t<div class=\"elementor-divider\" style=\"--divider-pattern-url: url(&quot;data:image\/svg+xml,%3Csvg xmlns=&#039;http:\/\/www.w3.org\/2000\/svg&#039; preserveAspectRatio=&#039;none&#039; overflow=&#039;visible&#039; height=&#039;100%&#039; viewBox=&#039;0 0 24 24&#039; fill=&#039;black&#039; stroke=&#039;none&#039;%3E%3Cpath d=&#039;M12.7,2.3c-0.4-0.4-1.1-0.4-1.5,0l-8,9.1c-0.3,0.4-0.3,0.9,0,1.2l8,9.1c0.4,0.4,1.1,0.4,1.5,0l8-9.1c0.3-0.4,0.3-0.9,0-1.2L12.7,2.3z&#039;\/%3E%3C\/svg%3E&quot;);\">\n\t\t\t<span class=\"elementor-divider-separator\">\n\t\t\t\t\t\t<\/span>\n\t\t<\/div>\n\t\t\t\t\t\t<\/div>\n\t\t\t\t<\/div>\n\t\t\t\t<div class=\"elementor-element elementor-element-c2453a7 elementor-widget elementor-widget-heading\" data-id=\"c2453a7\" data-element_type=\"widget\" data-e-type=\"widget\" data-widget_type=\"heading.default\">\n\t\t\t\t<div class=\"elementor-widget-container\">\n\t\t\t\t\t<h3 class=\"elementor-heading-title elementor-size-default\">\u201cEl Club Rotario Ju\u00e1rez Paso del Norte se distingue por su seriedad, organizaci\u00f3n y compromiso con el impacto social. Su forma de trabajar genera confianza y facilita la colaboraci\u00f3n entre instituciones, autoridades y sociedad civil.\u201d<\/h3>\t\t\t\t<\/div>\n\t\t\t\t<\/div>\n\t\t\t\t<div class=\"elementor-element elementor-element-22ea1a4 elementor-align-center elementor-widget elementor-widget-button\" data-id=\"22ea1a4\" data-element_type=\"widget\" data-e-type=\"widget\" data-widget_type=\"button.default\">\n\t\t\t\t<div class=\"elementor-widget-container\">\n\t\t\t\t\t\t\t\t\t<div class=\"elementor-button-wrapper\">\n\t\t\t\t\t<a class=\"elementor-button elementor-button-link elementor-size-sm\" href=\"https:\/\/dev.paginaswebresponsivas.com\/rotarypdn\/nuestras-causas\/\">\n\t\t\t\t\t\t<span class=\"elementor-button-content-wrapper\">\n\t\t\t\t\t\t\t\t\t<span class=\"elementor-button-text\">Conoce nuestras actividades<\/span>\n\t\t\t\t\t<\/span>\n\t\t\t\t\t<\/a>\n\t\t\t\t<\/div>\n\t\t\t\t\t\t\t\t<\/div>\n\t\t\t\t<\/div>\n\t\t\t\t\t<\/div>\n\t\t\t\t<\/div>\n\t\t\t\t<\/div>\n\t\t","protected":false},"excerpt":{"rendered":"<p>Liderazgo y servicio con historia M\u00e1s de un siglo de valores rotarios puestos al servicio de nuestra regi\u00f3n, a trav\u00e9s de l\u00edderes comprometidos con la \u00e9tica, la colaboraci\u00f3n y el [&hellip;]<\/p>\n","protected":false},"author":1,"featured_media":0,"parent":0,"menu_order":0,"comment_status":"closed","ping_status":"closed","template":"","meta":{"site-sidebar-layout":"no-sidebar","site-content-layout":"page-builder","ast-site-content-layout":"default","site-content-style":"default","site-sidebar-style":"default","ast-global-header-display":"","ast-banner-title-visibility":"","ast-main-header-display":"","ast-hfb-above-header-display":"","ast-hfb-below-header-display":"","ast-hfb-mobile-header-display":"","site-post-title":"disabled","ast-breadcrumbs-content":"","ast-featured-img":"disabled","footer-sml-layout":"","ast-disable-related-posts":"","theme-transparent-header-meta":"enabled","adv-header-id-meta":"","stick-header-meta":"","header-above-stick-meta":"","header-main-stick-meta":"","header-below-stick-meta":"","astra-migrate-meta-layouts":"default","ast-page-background-enabled":"default","ast-page-background-meta":{"desktop":{"background-color":"var(--ast-global-color-4)","background-image":"","background-repeat":"repeat","background-position":"center center","background-size":"auto","background-attachment":"scroll","background-type":"","background-media":"","overlay-type":"","overlay-color":"","overlay-opacity":"","overlay-gradient":""},"tablet":{"background-color":"","background-image":"","background-repeat":"repeat","background-position":"center center","background-size":"auto","background-attachment":"scroll","background-type":"","background-media":"","overlay-type":"","overlay-color":"","overlay-opacity":"","overlay-gradient":""},"mobile":{"background-color":"","background-image":"","background-repeat":"repeat","background-position":"center center","background-size":"auto","background-attachment":"scroll","background-type":"","background-media":"","overlay-type":"","overlay-color":"","overlay-opacity":"","overlay-gradient":""}},"ast-content-background-meta":{"desktop":{"background-color":"var(--ast-global-color-5)","background-image":"","background-repeat":"repeat","background-position":"center center","background-size":"auto","background-attachment":"scroll","background-type":"","background-media":"","overlay-type":"","overlay-color":"","overlay-opacity":"","overlay-gradient":""},"tablet":{"background-color":"var(--ast-global-color-5)","background-image":"","background-repeat":"repeat","background-position":"center center","background-size":"auto","background-attachment":"scroll","background-type":"","background-media":"","overlay-type":"","overlay-color":"","overlay-opacity":"","overlay-gradient":""},"mobile":{"background-color":"var(--ast-global-color-5)","background-image":"","background-repeat":"repeat","background-position":"center center","background-size":"auto","background-attachment":"scroll","background-type":"","background-media":"","overlay-type":"","overlay-color":"","overlay-opacity":"","overlay-gradient":""}},"_price":"","_stock":"","_tribe_ticket_header":"","_tribe_default_ticket_provider":"","_ticket_start_date":"","_ticket_end_date":"","_tribe_ticket_show_description":"","_tribe_ticket_show_not_going":false,"_tribe_ticket_use_global_stock":"","_tribe_ticket_global_stock_level":"","_global_stock_mode":"","_global_stock_cap":"","_tribe_rsvp_for_event":"","_tribe_ticket_going_count":"","_tribe_ticket_not_going_count":"","_tribe_tickets_list":"[]","_tribe_ticket_has_attendee_info_fields":false,"_joinchat":[],"footnotes":"","_tec_slr_enabled":"","_tec_slr_layout":""},"class_list":["post-1318","page","type-page","status-publish","hentry"],"yoast_head":"<!-- This site is optimized with the Yoast SEO Premium plugin v26.9 (Yoast SEO v26.9) - https:\/\/yoast.com\/product\/yoast-seo-premium-wordpress\/ -->\n<title>Nosotros - Club Rotario Ju\u00e1rez Paso del Norte<\/title>\n<meta name=\"robots\" content=\"index, follow, max-snippet:-1, max-image-preview:large, max-video-preview:-1\" \/>\n<link rel=\"canonical\" href=\"https:\/\/dev.paginaswebresponsivas.com\/rotarypdn\/nosotros\/\" \/>\n<meta property=\"og:locale\" content=\"es_MX\" \/>\n<meta property=\"og:type\" content=\"article\" \/>\n<meta property=\"og:title\" content=\"Nosotros\" \/>\n<meta property=\"og:description\" content=\"Liderazgo y servicio con historia M\u00e1s de un siglo de valores rotarios puestos al servicio de nuestra regi\u00f3n, a trav\u00e9s de l\u00edderes comprometidos con la \u00e9tica, la colaboraci\u00f3n y el [&hellip;]\" \/>\n<meta property=\"og:url\" content=\"https:\/\/dev.paginaswebresponsivas.com\/rotarypdn\/nosotros\/\" \/>\n<meta property=\"og:site_name\" content=\"Club Rotario Ju\u00e1rez Paso del Norte\" \/>\n<meta property=\"article:modified_time\" content=\"2026-02-04T02:48:10+00:00\" \/>\n<meta property=\"og:image\" content=\"https:\/\/dev.paginaswebresponsivas.com\/rotarypdn\/wp-content\/uploads\/2026\/02\/nosotros-1.png\" \/>\n\t<meta property=\"og:image:width\" content=\"1024\" \/>\n\t<meta property=\"og:image:height\" content=\"1536\" \/>\n\t<meta property=\"og:image:type\" content=\"image\/png\" \/>\n<meta name=\"twitter:card\" content=\"summary_large_image\" \/>\n<meta name=\"twitter:label1\" content=\"Tiempo de lectura\" \/>\n\t<meta name=\"twitter:data1\" content=\"2 minutos\" \/>\n<script type=\"application\/ld+json\" class=\"yoast-schema-graph\">{\"@context\":\"https:\/\/schema.org\",\"@graph\":[{\"@type\":\"WebPage\",\"@id\":\"https:\/\/dev.paginaswebresponsivas.com\/rotarypdn\/nosotros\/\",\"url\":\"https:\/\/dev.paginaswebresponsivas.com\/rotarypdn\/nosotros\/\",\"name\":\"Nosotros - Club Rotario Ju\u00e1rez Paso del Norte\",\"isPartOf\":{\"@id\":\"https:\/\/dev.paginaswebresponsivas.com\/rotarypdn\/#website\"},\"primaryImageOfPage\":{\"@id\":\"https:\/\/dev.paginaswebresponsivas.com\/rotarypdn\/nosotros\/#primaryimage\"},\"image\":{\"@id\":\"https:\/\/dev.paginaswebresponsivas.com\/rotarypdn\/nosotros\/#primaryimage\"},\"thumbnailUrl\":\"https:\/\/dev.paginaswebresponsivas.com\/rotarypdn\/wp-content\/uploads\/2026\/02\/nosotros-1.png\",\"datePublished\":\"2026-02-04T00:25:26+00:00\",\"dateModified\":\"2026-02-04T02:48:10+00:00\",\"breadcrumb\":{\"@id\":\"https:\/\/dev.paginaswebresponsivas.com\/rotarypdn\/nosotros\/#breadcrumb\"},\"inLanguage\":\"es\",\"potentialAction\":[{\"@type\":\"ReadAction\",\"target\":[\"https:\/\/dev.paginaswebresponsivas.com\/rotarypdn\/nosotros\/\"]}]},{\"@type\":\"ImageObject\",\"inLanguage\":\"es\",\"@id\":\"https:\/\/dev.paginaswebresponsivas.com\/rotarypdn\/nosotros\/#primaryimage\",\"url\":\"https:\/\/dev.paginaswebresponsivas.com\/rotarypdn\/wp-content\/uploads\/2026\/02\/nosotros-1.png\",\"contentUrl\":\"https:\/\/dev.paginaswebresponsivas.com\/rotarypdn\/wp-content\/uploads\/2026\/02\/nosotros-1.png\",\"width\":1024,\"height\":1536},{\"@type\":\"BreadcrumbList\",\"@id\":\"https:\/\/dev.paginaswebresponsivas.com\/rotarypdn\/nosotros\/#breadcrumb\",\"itemListElement\":[{\"@type\":\"ListItem\",\"position\":1,\"name\":\"Home\",\"item\":\"https:\/\/dev.paginaswebresponsivas.com\/rotarypdn\/\"},{\"@type\":\"ListItem\",\"position\":2,\"name\":\"Nosotros\"}]},{\"@type\":\"WebSite\",\"@id\":\"https:\/\/dev.paginaswebresponsivas.com\/rotarypdn\/#website\",\"url\":\"https:\/\/dev.paginaswebresponsivas.com\/rotarypdn\/\",\"name\":\"Club Rotario Ju\u00e1rez Paso del Norte\",\"description\":\"Operaciones de Labio y Paladar Hendido\",\"publisher\":{\"@id\":\"https:\/\/dev.paginaswebresponsivas.com\/rotarypdn\/#organization\"},\"potentialAction\":[{\"@type\":\"SearchAction\",\"target\":{\"@type\":\"EntryPoint\",\"urlTemplate\":\"https:\/\/dev.paginaswebresponsivas.com\/rotarypdn\/?s={search_term_string}\"},\"query-input\":{\"@type\":\"PropertyValueSpecification\",\"valueRequired\":true,\"valueName\":\"search_term_string\"}}],\"inLanguage\":\"es\"},{\"@type\":\"Organization\",\"@id\":\"https:\/\/dev.paginaswebresponsivas.com\/rotarypdn\/#organization\",\"name\":\"Club Rotario Ju\u00e1rez Paso del Norte\",\"url\":\"https:\/\/dev.paginaswebresponsivas.com\/rotarypdn\/\",\"logo\":{\"@type\":\"ImageObject\",\"inLanguage\":\"es\",\"@id\":\"https:\/\/dev.paginaswebresponsivas.com\/rotarypdn\/#\/schema\/logo\/image\/\",\"url\":\"https:\/\/dev.paginaswebresponsivas.com\/rotarypdn\/wp-content\/uploads\/2026\/02\/RAG-Fellowship_ES22.png\",\"contentUrl\":\"https:\/\/dev.paginaswebresponsivas.com\/rotarypdn\/wp-content\/uploads\/2026\/02\/RAG-Fellowship_ES22.png\",\"width\":1721,\"height\":318,\"caption\":\"Club Rotario Ju\u00e1rez Paso del Norte\"},\"image\":{\"@id\":\"https:\/\/dev.paginaswebresponsivas.com\/rotarypdn\/#\/schema\/logo\/image\/\"}}]}<\/script>\n<!-- \/ Yoast SEO Premium plugin. -->","yoast_head_json":{"title":"Nosotros - Club Rotario Ju\u00e1rez Paso del Norte","robots":{"index":"index","follow":"follow","max-snippet":"max-snippet:-1","max-image-preview":"max-image-preview:large","max-video-preview":"max-video-preview:-1"},"canonical":"https:\/\/dev.paginaswebresponsivas.com\/rotarypdn\/nosotros\/","og_locale":"es_MX","og_type":"article","og_title":"Nosotros","og_description":"Liderazgo y servicio con historia M\u00e1s de un siglo de valores rotarios puestos al servicio de nuestra regi\u00f3n, a trav\u00e9s de l\u00edderes comprometidos con la \u00e9tica, la colaboraci\u00f3n y el [&hellip;]","og_url":"https:\/\/dev.paginaswebresponsivas.com\/rotarypdn\/nosotros\/","og_site_name":"Club Rotario Ju\u00e1rez Paso del Norte","article_modified_time":"2026-02-04T02:48:10+00:00","og_image":[{"width":1024,"height":1536,"url":"https:\/\/dev.paginaswebresponsivas.com\/rotarypdn\/wp-content\/uploads\/2026\/02\/nosotros-1.png","type":"image\/png"}],"twitter_card":"summary_large_image","twitter_misc":{"Tiempo de lectura":"2 minutos"},"schema":{"@context":"https:\/\/schema.org","@graph":[{"@type":"WebPage","@id":"https:\/\/dev.paginaswebresponsivas.com\/rotarypdn\/nosotros\/","url":"https:\/\/dev.paginaswebresponsivas.com\/rotarypdn\/nosotros\/","name":"Nosotros - Club Rotario Ju\u00e1rez Paso del Norte","isPartOf":{"@id":"https:\/\/dev.paginaswebresponsivas.com\/rotarypdn\/#website"},"primaryImageOfPage":{"@id":"https:\/\/dev.paginaswebresponsivas.com\/rotarypdn\/nosotros\/#primaryimage"},"image":{"@id":"https:\/\/dev.paginaswebresponsivas.com\/rotarypdn\/nosotros\/#primaryimage"},"thumbnailUrl":"https:\/\/dev.paginaswebresponsivas.com\/rotarypdn\/wp-content\/uploads\/2026\/02\/nosotros-1.png","datePublished":"2026-02-04T00:25:26+00:00","dateModified":"2026-02-04T02:48:10+00:00","breadcrumb":{"@id":"https:\/\/dev.paginaswebresponsivas.com\/rotarypdn\/nosotros\/#breadcrumb"},"inLanguage":"es","potentialAction":[{"@type":"ReadAction","target":["https:\/\/dev.paginaswebresponsivas.com\/rotarypdn\/nosotros\/"]}]},{"@type":"ImageObject","inLanguage":"es","@id":"https:\/\/dev.paginaswebresponsivas.com\/rotarypdn\/nosotros\/#primaryimage","url":"https:\/\/dev.paginaswebresponsivas.com\/rotarypdn\/wp-content\/uploads\/2026\/02\/nosotros-1.png","contentUrl":"https:\/\/dev.paginaswebresponsivas.com\/rotarypdn\/wp-content\/uploads\/2026\/02\/nosotros-1.png","width":1024,"height":1536},{"@type":"BreadcrumbList","@id":"https:\/\/dev.paginaswebresponsivas.com\/rotarypdn\/nosotros\/#breadcrumb","itemListElement":[{"@type":"ListItem","position":1,"name":"Home","item":"https:\/\/dev.paginaswebresponsivas.com\/rotarypdn\/"},{"@type":"ListItem","position":2,"name":"Nosotros"}]},{"@type":"WebSite","@id":"https:\/\/dev.paginaswebresponsivas.com\/rotarypdn\/#website","url":"https:\/\/dev.paginaswebresponsivas.com\/rotarypdn\/","name":"Club Rotario Ju\u00e1rez Paso del Norte","description":"Operaciones de Labio y Paladar Hendido","publisher":{"@id":"https:\/\/dev.paginaswebresponsivas.com\/rotarypdn\/#organization"},"potentialAction":[{"@type":"SearchAction","target":{"@type":"EntryPoint","urlTemplate":"https:\/\/dev.paginaswebresponsivas.com\/rotarypdn\/?s={search_term_string}"},"query-input":{"@type":"PropertyValueSpecification","valueRequired":true,"valueName":"search_term_string"}}],"inLanguage":"es"},{"@type":"Organization","@id":"https:\/\/dev.paginaswebresponsivas.com\/rotarypdn\/#organization","name":"Club Rotario Ju\u00e1rez Paso del Norte","url":"https:\/\/dev.paginaswebresponsivas.com\/rotarypdn\/","logo":{"@type":"ImageObject","inLanguage":"es","@id":"https:\/\/dev.paginaswebresponsivas.com\/rotarypdn\/#\/schema\/logo\/image\/","url":"https:\/\/dev.paginaswebresponsivas.com\/rotarypdn\/wp-content\/uploads\/2026\/02\/RAG-Fellowship_ES22.png","contentUrl":"https:\/\/dev.paginaswebresponsivas.com\/rotarypdn\/wp-content\/uploads\/2026\/02\/RAG-Fellowship_ES22.png","width":1721,"height":318,"caption":"Club Rotario Ju\u00e1rez Paso del Norte"},"image":{"@id":"https:\/\/dev.paginaswebresponsivas.com\/rotarypdn\/#\/schema\/logo\/image\/"}}]}},"ticketed":false,"_links":{"self":[{"href":"https:\/\/dev.paginaswebresponsivas.com\/rotarypdn\/wp-json\/wp\/v2\/pages\/1318","targetHints":{"allow":["GET"]}}],"collection":[{"href":"https:\/\/dev.paginaswebresponsivas.com\/rotarypdn\/wp-json\/wp\/v2\/pages"}],"about":[{"href":"https:\/\/dev.paginaswebresponsivas.com\/rotarypdn\/wp-json\/wp\/v2\/types\/page"}],"author":[{"embeddable":true,"href":"https:\/\/dev.paginaswebresponsivas.com\/rotarypdn\/wp-json\/wp\/v2\/users\/1"}],"replies":[{"embeddable":true,"href":"https:\/\/dev.paginaswebresponsivas.com\/rotarypdn\/wp-json\/wp\/v2\/comments?post=1318"}],"version-history":[{"count":10,"href":"https:\/\/dev.paginaswebresponsivas.com\/rotarypdn\/wp-json\/wp\/v2\/pages\/1318\/revisions"}],"predecessor-version":[{"id":4575,"href":"https:\/\/dev.paginaswebresponsivas.com\/rotarypdn\/wp-json\/wp\/v2\/pages\/1318\/revisions\/4575"}],"wp:attachment":[{"href":"https:\/\/dev.paginaswebresponsivas.com\/rotarypdn\/wp-json\/wp\/v2\/media?parent=1318"}],"curies":[{"name":"wp","href":"https:\/\/api.w.org\/{rel}","templated":true}]}}